{"id":4296,"date":"2018-06-25T09:24:52","date_gmt":"2018-06-25T09:24:52","guid":{"rendered":"https:\/\/codesupply.co\/?page_id=3"},"modified":"2023-03-19T13:30:24","modified_gmt":"2023-03-19T13:30:24","slug":"privacy-policy","status":"publish","type":"page","link":"https:\/\/viajaverde.uy\/?page_id=4296","title":{"rendered":"Pol\u00edtica de privacidad"},"content":{"rendered":"<p>\u00daltima actualizaci\u00f3n: 18\/03\/2023<\/p>\n<p>En viajaverde.uy, nos comprometemos a proteger y respetar la privacidad de nuestros visitantes y usuarios. Esta pol\u00edtica de privacidad describe qu\u00e9 informaci\u00f3n recopilamos, c\u00f3mo la utilizamos y c\u00f3mo la protegemos.<\/p>\n<p>Al utilizar nuestro sitio web y proporcionarnos informaci\u00f3n personal, aceptas los t\u00e9rminos de esta pol\u00edtica de privacidad. Si no est\u00e1s de acuerdo con alg\u00fan t\u00e9rmino en esta pol\u00edtica, por favor no utilices nuestro sitio web ni nos proporciones informaci\u00f3n personal.<\/p>\n<ol>\n<li>Informaci\u00f3n que recopilamos Podemos recopilar informaci\u00f3n personal, como nombre, direcci\u00f3n de correo electr\u00f3nico, n\u00famero de tel\u00e9fono, ubicaci\u00f3n geogr\u00e1fica e informaci\u00f3n de uso del sitio web cuando visitas nuestro sitio o te comunicas con nosotros. Tambi\u00e9n podemos recopilar informaci\u00f3n demogr\u00e1fica y de preferencias en relaci\u00f3n con nuestros servicios.<\/li>\n<li>C\u00f3mo utilizamos la informaci\u00f3n Utilizamos la informaci\u00f3n recopilada para personalizar tu experiencia en nuestro sitio web, enviar boletines informativos y comunicaciones promocionales, responder a tus consultas, mejorar nuestros servicios y llevar a cabo an\u00e1lisis estad\u00edsticos y de mercado.<\/li>\n<li>C\u00f3mo protegemos la informaci\u00f3n Implementamos medidas de seguridad adecuadas para proteger la informaci\u00f3n recopilada, incluido el uso de tecnolog\u00edas de encriptaci\u00f3n y la implementaci\u00f3n de procedimientos de seguridad f\u00edsica y administrativa.<\/li>\n<li>Compartir informaci\u00f3n con terceros No compartimos, vendemos ni alquilamos informaci\u00f3n personal con terceros para sus propios fines comerciales. Podemos compartir informaci\u00f3n personal con proveedores de servicios y socios comerciales que nos ayudan a operar y mejorar nuestro sitio web, siempre que cumplan con nuestras pol\u00edticas de privacidad.<\/li>\n<\/ol>\n","protected":false},"excerpt":{"rendered":"\u00daltima actualizaci\u00f3n: 18\/03\/2023 En viajaverde.uy, nos comprometemos a proteger y respetar la privacidad de nuestros visitantes y usuarios.&hellip;\n","protected":false},"author":1,"featured_media":0,"parent":0,"menu_order":0,"comment_status":"closed","ping_status":"open","template":"","meta":{"csco_singular_sidebar":"","csco_page_header_type":"title","csco_page_load_nextpost":"","csco_post_video_location":[],"csco_post_video_url":"","csco_post_video_bg_start_time":0,"csco_post_video_bg_end_time":0},"yoast_head":"<!-- This site is optimized with the Yoast SEO plugin v20.11 - https:\/\/yoast.com\/wordpress\/plugins\/seo\/ -->\n<title>Pol\u00edtica de privacidad - viajaverde<\/title>\n<meta name=\"robots\" content=\"index, follow, max-snippet:-1, max-image-preview:large, max-video-preview:-1\" \/>\n<link rel=\"canonical\" href=\"https:\/\/viajaverde.uy\/?page_id=4296\" \/>\n<meta property=\"og:locale\" content=\"en_US\" \/>\n<meta property=\"og:type\" content=\"article\" \/>\n<meta property=\"og:title\" content=\"Pol\u00edtica de privacidad - viajaverde\" \/>\n<meta property=\"og:description\" content=\"\u00daltima actualizaci\u00f3n: 18\/03\/2023 En viajaverde.uy, nos comprometemos a proteger y respetar la privacidad de nuestros visitantes y usuarios.&hellip;\" \/>\n<meta property=\"og:url\" content=\"https:\/\/viajaverde.uy\/?page_id=4296\" \/>\n<meta property=\"og:site_name\" content=\"viajaverde\" \/>\n<meta property=\"article:publisher\" content=\"https:\/\/www.facebook.com\/profile.php?id=100091302450933\" \/>\n<meta property=\"article:modified_time\" content=\"2023-03-19T13:30:24+00:00\" \/>\n<meta property=\"og:image\" content=\"https:\/\/viajaverde.uy\/wp-content\/uploads\/2023\/03\/Captura-de-pantalla-2023-03-19-a-las-20.27.49.png\" \/>\n\t<meta property=\"og:image:width\" content=\"1790\" \/>\n\t<meta property=\"og:image:height\" content=\"1000\" \/>\n\t<meta property=\"og:image:type\" content=\"image\/png\" \/>\n<meta name=\"twitter:card\" content=\"summary_large_image\" \/>\n<meta name=\"twitter:site\" content=\"@viajaverdeuy\" \/>\n<meta name=\"twitter:label1\" content=\"Est. reading time\" \/>\n\t<meta name=\"twitter:data1\" content=\"1 minute\" \/>\n<script type=\"application\/ld+json\" class=\"yoast-schema-graph\">{\"@context\":\"https:\/\/schema.org\",\"@graph\":[{\"@type\":\"WebPage\",\"@id\":\"https:\/\/viajaverde.uy\/?page_id=4296\",\"url\":\"https:\/\/viajaverde.uy\/?page_id=4296\",\"name\":\"Pol\u00edtica de privacidad - viajaverde\",\"isPartOf\":{\"@id\":\"https:\/\/viajaverde.uy\/#website\"},\"datePublished\":\"2018-06-25T09:24:52+00:00\",\"dateModified\":\"2023-03-19T13:30:24+00:00\",\"breadcrumb\":{\"@id\":\"https:\/\/viajaverde.uy\/?page_id=4296#breadcrumb\"},\"inLanguage\":\"en-US\",\"potentialAction\":[{\"@type\":\"ReadAction\",\"target\":[\"https:\/\/viajaverde.uy\/?page_id=4296\"]}]},{\"@type\":\"BreadcrumbList\",\"@id\":\"https:\/\/viajaverde.uy\/?page_id=4296#breadcrumb\",\"itemListElement\":[{\"@type\":\"ListItem\",\"position\":1,\"name\":\"Portada\",\"item\":\"https:\/\/viajaverde.uy\/\"},{\"@type\":\"ListItem\",\"position\":2,\"name\":\"Pol\u00edtica de privacidad\"}]},{\"@type\":\"WebSite\",\"@id\":\"https:\/\/viajaverde.uy\/#website\",\"url\":\"https:\/\/viajaverde.uy\/\",\"name\":\"viajaverde\",\"description\":\"Viaja responsable, vive verde\",\"publisher\":{\"@id\":\"https:\/\/viajaverde.uy\/#organization\"},\"potentialAction\":[{\"@type\":\"SearchAction\",\"target\":{\"@type\":\"EntryPoint\",\"urlTemplate\":\"https:\/\/viajaverde.uy\/?s={search_term_string}\"},\"query-input\":\"required name=search_term_string\"}],\"inLanguage\":\"en-US\"},{\"@type\":\"Organization\",\"@id\":\"https:\/\/viajaverde.uy\/#organization\",\"name\":\"viajaverde\",\"url\":\"https:\/\/viajaverde.uy\/\",\"logo\":{\"@type\":\"ImageObject\",\"inLanguage\":\"en-US\",\"@id\":\"https:\/\/viajaverde.uy\/#\/schema\/logo\/image\/\",\"url\":\"http:\/\/viajaverde.uy\/wp-content\/uploads\/2023\/03\/favicon-copia@2x.png\",\"contentUrl\":\"http:\/\/viajaverde.uy\/wp-content\/uploads\/2023\/03\/favicon-copia@2x.png\",\"width\":1025,\"height\":1025,\"caption\":\"viajaverde\"},\"image\":{\"@id\":\"https:\/\/viajaverde.uy\/#\/schema\/logo\/image\/\"},\"sameAs\":[\"https:\/\/www.facebook.com\/profile.php?id=100091302450933\",\"https:\/\/twitter.com\/viajaverdeuy\",\"http:\/\/instagram.com\/viajaverde.uy\/\"]}]}<\/script>\n<!-- \/ Yoast SEO plugin. -->","yoast_head_json":{"title":"Pol\u00edtica de privacidad - viajaverde","robots":{"index":"index","follow":"follow","max-snippet":"max-snippet:-1","max-image-preview":"max-image-preview:large","max-video-preview":"max-video-preview:-1"},"canonical":"https:\/\/viajaverde.uy\/?page_id=4296","og_locale":"en_US","og_type":"article","og_title":"Pol\u00edtica de privacidad - viajaverde","og_description":"\u00daltima actualizaci\u00f3n: 18\/03\/2023 En viajaverde.uy, nos comprometemos a proteger y respetar la privacidad de nuestros visitantes y usuarios.&hellip;","og_url":"https:\/\/viajaverde.uy\/?page_id=4296","og_site_name":"viajaverde","article_publisher":"https:\/\/www.facebook.com\/profile.php?id=100091302450933","article_modified_time":"2023-03-19T13:30:24+00:00","og_image":[{"width":1790,"height":1000,"url":"https:\/\/viajaverde.uy\/wp-content\/uploads\/2023\/03\/Captura-de-pantalla-2023-03-19-a-las-20.27.49.png","type":"image\/png"}],"twitter_card":"summary_large_image","twitter_site":"@viajaverdeuy","twitter_misc":{"Est. reading time":"1 minute"},"schema":{"@context":"https:\/\/schema.org","@graph":[{"@type":"WebPage","@id":"https:\/\/viajaverde.uy\/?page_id=4296","url":"https:\/\/viajaverde.uy\/?page_id=4296","name":"Pol\u00edtica de privacidad - viajaverde","isPartOf":{"@id":"https:\/\/viajaverde.uy\/#website"},"datePublished":"2018-06-25T09:24:52+00:00","dateModified":"2023-03-19T13:30:24+00:00","breadcrumb":{"@id":"https:\/\/viajaverde.uy\/?page_id=4296#breadcrumb"},"inLanguage":"en-US","potentialAction":[{"@type":"ReadAction","target":["https:\/\/viajaverde.uy\/?page_id=4296"]}]},{"@type":"BreadcrumbList","@id":"https:\/\/viajaverde.uy\/?page_id=4296#breadcrumb","itemListElement":[{"@type":"ListItem","position":1,"name":"Portada","item":"https:\/\/viajaverde.uy\/"},{"@type":"ListItem","position":2,"name":"Pol\u00edtica de privacidad"}]},{"@type":"WebSite","@id":"https:\/\/viajaverde.uy\/#website","url":"https:\/\/viajaverde.uy\/","name":"viajaverde","description":"Viaja responsable, vive verde","publisher":{"@id":"https:\/\/viajaverde.uy\/#organization"},"potentialAction":[{"@type":"SearchAction","target":{"@type":"EntryPoint","urlTemplate":"https:\/\/viajaverde.uy\/?s={search_term_string}"},"query-input":"required name=search_term_string"}],"inLanguage":"en-US"},{"@type":"Organization","@id":"https:\/\/viajaverde.uy\/#organization","name":"viajaverde","url":"https:\/\/viajaverde.uy\/","logo":{"@type":"ImageObject","inLanguage":"en-US","@id":"https:\/\/viajaverde.uy\/#\/schema\/logo\/image\/","url":"http:\/\/viajaverde.uy\/wp-content\/uploads\/2023\/03\/favicon-copia@2x.png","contentUrl":"http:\/\/viajaverde.uy\/wp-content\/uploads\/2023\/03\/favicon-copia@2x.png","width":1025,"height":1025,"caption":"viajaverde"},"image":{"@id":"https:\/\/viajaverde.uy\/#\/schema\/logo\/image\/"},"sameAs":["https:\/\/www.facebook.com\/profile.php?id=100091302450933","https:\/\/twitter.com\/viajaverdeuy","http:\/\/instagram.com\/viajaverde.uy\/"]}]}},"_links":{"self":[{"href":"https:\/\/viajaverde.uy\/index.php?rest_route=\/wp\/v2\/pages\/4296"}],"collection":[{"href":"https:\/\/viajaverde.uy\/index.php?rest_route=\/wp\/v2\/pages"}],"about":[{"href":"https:\/\/viajaverde.uy\/index.php?rest_route=\/wp\/v2\/types\/page"}],"author":[{"embeddable":true,"href":"https:\/\/viajaverde.uy\/index.php?rest_route=\/wp\/v2\/users\/1"}],"replies":[{"embeddable":true,"href":"https:\/\/viajaverde.uy\/index.php?rest_route=%2Fwp%2Fv2%2Fcomments&post=4296"}],"version-history":[{"count":1,"href":"https:\/\/viajaverde.uy\/index.php?rest_route=\/wp\/v2\/pages\/4296\/revisions"}],"predecessor-version":[{"id":4474,"href":"https:\/\/viajaverde.uy\/index.php?rest_route=\/wp\/v2\/pages\/4296\/revisions\/4474"}],"wp:attachment":[{"href":"https:\/\/viajaverde.uy\/index.php?rest_route=%2Fwp%2Fv2%2Fmedia&parent=4296"}],"curies":[{"name":"wp","href":"https:\/\/api.w.org\/{rel}","templated":true}]}}